{"id":3563,"date":"2018-03-27T08:41:31","date_gmt":"2018-03-27T06:41:31","guid":{"rendered":"https:\/\/www.conova.com\/?page_id=3563"},"modified":"2026-04-13T11:09:30","modified_gmt":"2026-04-13T09:09:30","slug":"datacenter-public-cloud-on-premises","status":"publish","type":"page","link":"https:\/\/www.conova.com\/en\/datacenter-public-cloud-on-premises\/","title":{"rendered":"Datacenter &#038; Public Cloud &#038; On-Premises"},"content":{"rendered":"<div class=\"wpb-content-wrapper\"><p>[vc_row][vc_column]\n\t\t\t\t<p class=\"rs-p-wp-fix\"><\/p>\n\t\t\t\t<sr7-module data-alias=\"solutions_en\" data-id=\"15\" id=\"SR7_15_1\" class=\"rs-ov-hidden\" data-version=\"6.7.53\">\n\t\t\t\t\t<sr7-adjuster><\/sr7-adjuster>\n\t\t\t\t\t<sr7-content>\n\t\t\t\t\t\t<sr7-slide id=\"SR7_15_1-22\" data-key=\"22\">\n\t\t\t\t\t\t\t<sr7-bg id=\"SR7_15_1-22-4\" class=\"sr7-layer\"><noscript><img decoding=\"async\" src=\"https:\/\/www.conova.com\/wp-content\/uploads\/2018\/04\/Header_Vernetzung-e1524143917975.jpg\" alt=\"\" title=\"Header_Vernetzung\"><\/noscript><\/sr7-bg>\n\t\t\t\t\t\t\t<sr7-txt id=\"SR7_15_1-22-3\" class=\"sr7-layer\">SOLUTIONS<\/sr7-txt>\n\t\t\t\t\t\t<\/sr7-slide>\n\t\t\t\t\t\t<sr7-slide id=\"SR7_15_1-223\" data-key=\"223\">\n\t\t\t\t\t\t<\/sr7-slide>\n\t\t\t\t\t<\/sr7-content>\n\t\t\t\t\t<image_lists style=\"display:none\">\n\t\t\t\t\t\t<img data-src=\"\/\/www.conova.com\/wp-content\/uploads\/2018\/04\/Header_Vernetzung-e1524143917975.jpg\" width=\"0\" height=\"0\" data-dbsrc=\"Ly93d3cuY29ub3ZhLmNvbS93cC1jb250ZW50L3VwbG9hZHMvMjAxOC8wNC9IZWFkZXJfVmVybmV0enVuZy1lMTUyNDE0MzkxNzk3NS5qcGc=\"\/>\n\t\t\t\t\t<\/image_lists>\n\t\t\t\t<\/sr7-module>\n\t\t\t\t<script>\n\t\t\t\t\twindow.SR7 ??={};SR7.PMH ??={}; SR7.PMH[\"SR7_15_1\"] = {cn:100,state:false,fn: function() { if (window._tpt!==undefined && window._tpt.prepareModuleHeight !== undefined) {  _tpt.prepareModuleHeight({id:\"SR7_15_1\",el:[570,570,570,370,370],type:'standard',shdw:'0',gh:[570,570,570,370,370],gw:[1240,1240,1160,820,480],vpt:['-200px&#039;,&#039;-200px&#039;,&#039;-200px&#039;,&#039;-200px&#039;,&#039;-200px'],size:{fullWidth:true, fullHeight:false},mh:'0',onh:0,onw:0,bg:{color:'{\"orig\":\"transparent\",\"type\":\"solid\",\"string\":\"transparent\"}'},googleFont:\"ignore\",plType:'0',plColor:'#FFFFFF'});   SR7.PMH[\"SR7_15_1\"].state=true;} else if(SR7.PMH[\"SR7_15_1\"].cn-->0)\tsetTimeout( SR7.PMH[\"SR7_15_1\"].fn,19);}};SR7.PMH[\"SR7_15_1\" ].fn();\n\t\t\t\t<\/script>\n[\/vc_column][\/vc_row][vc_row][vc_column][vc_custom_heading text=&#8221;Datacenter &amp; Public Cloud &amp; On-Premises&#8221; font_container=&#8221;tag:h1|text_align:left&#8221; use_theme_fonts=&#8221;yes&#8221; css=&#8221;&#8221;][\/vc_column][\/vc_row][vc_row][vc_column][vc_column_text]You require professional IT infrastructure? Is operating your own data center too elaborate for you?<\/p>\n<p>conova gives you options: Use all the options of a Private Cloud in the conova data centers, or let us accompany you in in the Public Cloud.<\/p>\n<p>The security of your data is more important than ever. That\u2019s why we protect them around the clock. Whether in the Public Cloud or in our data centers. You can rely on us![\/vc_column_text][\/vc_column][\/vc_row][vc_row][vc_column][conproduct_list showfiltersearch=&#8221;true&#8221;][conproduct_item title=&#8221;On-Premises Infrastructure&#8221; psection=&#8221;centers&#8221; text=&#8221;Sie m\u00f6chten Ihre Daten in \u00d6sterreich wissen? Mit der conova TopCloud steht Ihnen eine moderne und gleichzeitig heimische Cloud-L\u00f6sung zur Verf\u00fcgung.&#8221; link=&#8221;url:https%3A%2F%2Fwww.conova.com%2Fen%2Fon-premises%2F|title:On-Premises&#8221;]We operate your server, storage, network, and security infrastructure directly at your premises\u2014including personal consultation and central monitoring.[\/conproduct_item][conproduct_item title=&#8221;TopHousing&#8221; psection=&#8221;centers&#8221; text=&#8221;Sie m\u00f6chten Ihre Daten in \u00d6sterreich wissen? Mit der conova TopCloud steht Ihnen eine moderne und gleichzeitig heimische Cloud-L\u00f6sung zur Verf\u00fcgung.&#8221; link=&#8221;url:%2Fen%2Fproducts%2Ftophousing%2F|||&#8221;]We give your servers a secure home \u2013 in one of the most modern data centers in Europe.[\/conproduct_item][conproduct_item title=&#8221;TopDisaster Location&#8221; psection=&#8221;centers&#8221; link=&#8221;url:%2Fen%2Fproducts%2Ftopdisaster-location%2F||target:%20_blank|&#8221;]<\/p>\n<div class=\"wpb_text_column wpb_content_element \">\n<div class=\"wpb_wrapper\">\n<p>Emergency workplaces in case of crisis situation secure business continuity.<\/p>\n<\/div>\n<\/div>\n<p>[\/conproduct_item][conproduct_item title=&#8221;Public &amp; Hybrid Cloud Solutions&#8221; psection=&#8221;centers&#8221; link=&#8221;url:https%3A%2F%2Fwww.conova.com%2Fen%2Fpublic-cloud-hybrid-cloud-solutions%2F|title:Public%20Cloud%20%26%20Hybrid%20Cloud%20L%C3%B6sungen&#8221;]As a certified Microsoft Cloud Solution Provider (CSP), we offer you MS 365, MS Azure Services and hybrid solutions in combination with our data center services.[\/conproduct_item][conproduct_item title=&#8221;Wir would be happy to advise you!&#8221; psection=&#8221;beratung&#8221; isalwaysvisible=&#8221;true&#8221; link=&#8221;url:%2Fkontakt%2F|||&#8221;][vc_icon icon_fontawesome=&#8221;fa fa-comments-o&#8221; color=&#8221;white&#8221; el_class=&#8221;bigicon&#8221;]<\/p>\n<div>[vc_icon icon_fontawesome=&#8221;fa fa-phone&#8221; color=&#8221;white&#8221;]+43 662\/22 00-334<\/div>\n<div>[vc_icon icon_fontawesome=&#8221;fa fa-envelope-o&#8221; color=&#8221;white&#8221;]<a href=\"mailto:&#115;&#97;&#108;&#101;&#115;&#64;con&#111;va&#46;&#99;o&#109;\">s&#097;le&#115;&#064;&#099;&#111;no&#118;a&#046;&#099;om<\/a><\/div>\n<p>[\/conproduct_item][\/conproduct_list][\/vc_column][\/vc_row][vc_row][vc_column][vc_column_text css=&#8221;&#8221;]<span style=\"color: #878787;\">Last update: 13.04.2026<\/span>[\/vc_column_text][\/vc_column][\/vc_row]<\/p>\n<\/div>","protected":false},"excerpt":{"rendered":"<p>Sie m\u00f6chten eine professionelle IT-Infrastruktur? Ein eigenes Rechenzentrum ist Ihnen zu aufwendig? conova bietet Ihnen h\u00f6chste Sicherheit in einem der modernsten Rechenzentren Europas.<\/p>\n","protected":false},"author":4,"featured_media":0,"parent":0,"menu_order":0,"comment_status":"closed","ping_status":"closed","template":"","meta":{"_acf_changed":false,"footnotes":""},"class_list":["post-3563","page","type-page","status-publish","hentry"],"acf":[],"yoast_head":"<!-- This site is optimized with the Yoast SEO Premium plugin v27.4 (Yoast SEO v27.4) - https:\/\/yoast.com\/product\/yoast-seo-premium-wordpress\/ -->\n<title>Datacenter &amp; Public Cloud &amp; On-Premises - conova<\/title>\n<meta name=\"robots\" content=\"index, follow, max-snippet:-1, max-image-preview:large, max-video-preview:-1\" \/>\n<link rel=\"canonical\" href=\"https:\/\/www.conova.com\/en\/datacenter-public-cloud-on-premises\/\" \/>\n<meta property=\"og:locale\" content=\"en_US\" \/>\n<meta property=\"og:type\" content=\"article\" \/>\n<meta property=\"og:title\" content=\"Datacenter &amp; Public Cloud &amp; On-Premises\" \/>\n<meta property=\"og:description\" content=\"Sie m\u00f6chten eine professionelle IT-Infrastruktur? Ein eigenes Rechenzentrum ist Ihnen zu aufwendig? conova bietet Ihnen h\u00f6chste Sicherheit in einem der modernsten Rechenzentren Europas.\" \/>\n<meta property=\"og:url\" content=\"https:\/\/www.conova.com\/en\/datacenter-public-cloud-on-premises\/\" \/>\n<meta property=\"og:site_name\" content=\"conova\" \/>\n<meta property=\"article:publisher\" content=\"https:\/\/www.facebook.com\/conova.communications\/\" \/>\n<meta property=\"article:modified_time\" content=\"2026-04-13T09:09:30+00:00\" \/>\n<meta property=\"og:image\" content=\"https:\/\/www.conova.com\/wp-content\/uploads\/2023\/02\/conova_Logo_RGB_schwarz_SONNE.png\" \/>\n\t<meta property=\"og:image:width\" content=\"373\" \/>\n\t<meta property=\"og:image:height\" content=\"369\" \/>\n\t<meta property=\"og:image:type\" content=\"image\/png\" \/>\n<meta name=\"twitter:card\" content=\"summary_large_image\" \/>\n<meta name=\"twitter:label1\" content=\"Est. reading time\" \/>\n\t<meta name=\"twitter:data1\" content=\"2 minutes\" \/>\n<script type=\"application\/ld+json\" class=\"yoast-schema-graph\">{\"@context\":\"https:\\\/\\\/schema.org\",\"@graph\":[{\"@type\":\"WebPage\",\"@id\":\"https:\\\/\\\/www.conova.com\\\/en\\\/datacenter-public-cloud-on-premises\\\/\",\"url\":\"https:\\\/\\\/www.conova.com\\\/en\\\/datacenter-public-cloud-on-premises\\\/\",\"name\":\"Datacenter & Public Cloud & On-Premises - conova\",\"isPartOf\":{\"@id\":\"https:\\\/\\\/www.conova.com\\\/#website\"},\"datePublished\":\"2018-03-27T06:41:31+00:00\",\"dateModified\":\"2026-04-13T09:09:30+00:00\",\"breadcrumb\":{\"@id\":\"https:\\\/\\\/www.conova.com\\\/en\\\/datacenter-public-cloud-on-premises\\\/#breadcrumb\"},\"inLanguage\":\"en-US\",\"potentialAction\":[{\"@type\":\"ReadAction\",\"target\":[\"https:\\\/\\\/www.conova.com\\\/en\\\/datacenter-public-cloud-on-premises\\\/\"]}]},{\"@type\":\"BreadcrumbList\",\"@id\":\"https:\\\/\\\/www.conova.com\\\/en\\\/datacenter-public-cloud-on-premises\\\/#breadcrumb\",\"itemListElement\":[{\"@type\":\"ListItem\",\"position\":1,\"name\":\"Home\",\"item\":\"https:\\\/\\\/www.conova.com\\\/en\\\/\"},{\"@type\":\"ListItem\",\"position\":2,\"name\":\"Datacenter &#038; Public Cloud &#038; On-Premises\"}]},{\"@type\":\"WebSite\",\"@id\":\"https:\\\/\\\/www.conova.com\\\/#website\",\"url\":\"https:\\\/\\\/www.conova.com\\\/\",\"name\":\"conova\",\"description\":\"Data Center Pioneers\",\"publisher\":{\"@id\":\"https:\\\/\\\/www.conova.com\\\/#organization\"},\"potentialAction\":[{\"@type\":\"SearchAction\",\"target\":{\"@type\":\"EntryPoint\",\"urlTemplate\":\"https:\\\/\\\/www.conova.com\\\/?s={search_term_string}\"},\"query-input\":{\"@type\":\"PropertyValueSpecification\",\"valueRequired\":true,\"valueName\":\"search_term_string\"}}],\"inLanguage\":\"en-US\"},{\"@type\":\"Organization\",\"@id\":\"https:\\\/\\\/www.conova.com\\\/#organization\",\"name\":\"conova\",\"url\":\"https:\\\/\\\/www.conova.com\\\/\",\"logo\":{\"@type\":\"ImageObject\",\"inLanguage\":\"en-US\",\"@id\":\"https:\\\/\\\/www.conova.com\\\/#\\\/schema\\\/logo\\\/image\\\/\",\"url\":\"https:\\\/\\\/www.conova.com\\\/wp-content\\\/uploads\\\/2023\\\/02\\\/conova_Logo_RGB_schwarz_SONNE.png\",\"contentUrl\":\"https:\\\/\\\/www.conova.com\\\/wp-content\\\/uploads\\\/2023\\\/02\\\/conova_Logo_RGB_schwarz_SONNE.png\",\"width\":373,\"height\":369,\"caption\":\"conova\"},\"image\":{\"@id\":\"https:\\\/\\\/www.conova.com\\\/#\\\/schema\\\/logo\\\/image\\\/\"},\"sameAs\":[\"https:\\\/\\\/www.facebook.com\\\/conova.communications\\\/\",\"https:\\\/\\\/www.linkedin.com\\\/company\\\/conova-communications-gmbh\\\/\",\"https:\\\/\\\/www.youtube.com\\\/user\\\/conova2010\"]}]}<\/script>\n<!-- \/ Yoast SEO Premium plugin. -->","yoast_head_json":{"title":"Datacenter & Public Cloud & On-Premises - conova","robots":{"index":"index","follow":"follow","max-snippet":"max-snippet:-1","max-image-preview":"max-image-preview:large","max-video-preview":"max-video-preview:-1"},"canonical":"https:\/\/www.conova.com\/en\/datacenter-public-cloud-on-premises\/","og_locale":"en_US","og_type":"article","og_title":"Datacenter & Public Cloud & On-Premises","og_description":"Sie m\u00f6chten eine professionelle IT-Infrastruktur? Ein eigenes Rechenzentrum ist Ihnen zu aufwendig? conova bietet Ihnen h\u00f6chste Sicherheit in einem der modernsten Rechenzentren Europas.","og_url":"https:\/\/www.conova.com\/en\/datacenter-public-cloud-on-premises\/","og_site_name":"conova","article_publisher":"https:\/\/www.facebook.com\/conova.communications\/","article_modified_time":"2026-04-13T09:09:30+00:00","og_image":[{"width":373,"height":369,"url":"https:\/\/www.conova.com\/wp-content\/uploads\/2023\/02\/conova_Logo_RGB_schwarz_SONNE.png","type":"image\/png"}],"twitter_card":"summary_large_image","twitter_misc":{"Est. reading time":"2 minutes"},"schema":{"@context":"https:\/\/schema.org","@graph":[{"@type":"WebPage","@id":"https:\/\/www.conova.com\/en\/datacenter-public-cloud-on-premises\/","url":"https:\/\/www.conova.com\/en\/datacenter-public-cloud-on-premises\/","name":"Datacenter & Public Cloud & On-Premises - conova","isPartOf":{"@id":"https:\/\/www.conova.com\/#website"},"datePublished":"2018-03-27T06:41:31+00:00","dateModified":"2026-04-13T09:09:30+00:00","breadcrumb":{"@id":"https:\/\/www.conova.com\/en\/datacenter-public-cloud-on-premises\/#breadcrumb"},"inLanguage":"en-US","potentialAction":[{"@type":"ReadAction","target":["https:\/\/www.conova.com\/en\/datacenter-public-cloud-on-premises\/"]}]},{"@type":"BreadcrumbList","@id":"https:\/\/www.conova.com\/en\/datacenter-public-cloud-on-premises\/#breadcrumb","itemListElement":[{"@type":"ListItem","position":1,"name":"Home","item":"https:\/\/www.conova.com\/en\/"},{"@type":"ListItem","position":2,"name":"Datacenter &#038; Public Cloud &#038; On-Premises"}]},{"@type":"WebSite","@id":"https:\/\/www.conova.com\/#website","url":"https:\/\/www.conova.com\/","name":"conova","description":"Data Center Pioneers","publisher":{"@id":"https:\/\/www.conova.com\/#organization"},"potentialAction":[{"@type":"SearchAction","target":{"@type":"EntryPoint","urlTemplate":"https:\/\/www.conova.com\/?s={search_term_string}"},"query-input":{"@type":"PropertyValueSpecification","valueRequired":true,"valueName":"search_term_string"}}],"inLanguage":"en-US"},{"@type":"Organization","@id":"https:\/\/www.conova.com\/#organization","name":"conova","url":"https:\/\/www.conova.com\/","logo":{"@type":"ImageObject","inLanguage":"en-US","@id":"https:\/\/www.conova.com\/#\/schema\/logo\/image\/","url":"https:\/\/www.conova.com\/wp-content\/uploads\/2023\/02\/conova_Logo_RGB_schwarz_SONNE.png","contentUrl":"https:\/\/www.conova.com\/wp-content\/uploads\/2023\/02\/conova_Logo_RGB_schwarz_SONNE.png","width":373,"height":369,"caption":"conova"},"image":{"@id":"https:\/\/www.conova.com\/#\/schema\/logo\/image\/"},"sameAs":["https:\/\/www.facebook.com\/conova.communications\/","https:\/\/www.linkedin.com\/company\/conova-communications-gmbh\/","https:\/\/www.youtube.com\/user\/conova2010"]}]}},"_links":{"self":[{"href":"https:\/\/www.conova.com\/en\/wp-json\/wp\/v2\/pages\/3563","targetHints":{"allow":["GET"]}}],"collection":[{"href":"https:\/\/www.conova.com\/en\/wp-json\/wp\/v2\/pages"}],"about":[{"href":"https:\/\/www.conova.com\/en\/wp-json\/wp\/v2\/types\/page"}],"author":[{"embeddable":true,"href":"https:\/\/www.conova.com\/en\/wp-json\/wp\/v2\/users\/4"}],"replies":[{"embeddable":true,"href":"https:\/\/www.conova.com\/en\/wp-json\/wp\/v2\/comments?post=3563"}],"version-history":[{"count":5,"href":"https:\/\/www.conova.com\/en\/wp-json\/wp\/v2\/pages\/3563\/revisions"}],"predecessor-version":[{"id":28767,"href":"https:\/\/www.conova.com\/en\/wp-json\/wp\/v2\/pages\/3563\/revisions\/28767"}],"wp:attachment":[{"href":"https:\/\/www.conova.com\/en\/wp-json\/wp\/v2\/media?parent=3563"}],"curies":[{"name":"wp","href":"https:\/\/api.w.org\/{rel}","templated":true}]}}