{"id":3553,"date":"2018-03-27T08:41:59","date_gmt":"2018-03-27T06:41:59","guid":{"rendered":"https:\/\/www.conova.com\/?page_id=3553"},"modified":"2026-04-13T11:13:23","modified_gmt":"2026-04-13T09:13:23","slug":"network-security","status":"publish","type":"page","link":"https:\/\/www.conova.com\/en\/network-security\/","title":{"rendered":"Network &#038; Security"},"content":{"rendered":"<div class=\"wpb-content-wrapper\"><p>[vc_row][vc_column]\n\t\t\t\t<p class=\"rs-p-wp-fix\"><\/p>\n\t\t\t\t<sr7-module data-alias=\"solutions_en\" data-id=\"15\" id=\"SR7_15_1\" class=\"rs-ov-hidden\" data-version=\"6.7.51\">\n\t\t\t\t\t<sr7-adjuster><\/sr7-adjuster>\n\t\t\t\t\t<sr7-content>\n\t\t\t\t\t\t<sr7-slide id=\"SR7_15_1-22\" data-key=\"22\">\n\t\t\t\t\t\t\t<sr7-bg id=\"SR7_15_1-22-4\" class=\"sr7-layer\"><noscript><img decoding=\"async\" src=\"https:\/\/www.conova.com\/wp-content\/uploads\/2018\/04\/Header_Vernetzung-e1524143917975.jpg\" alt=\"\" title=\"Header_Vernetzung\"><\/noscript><\/sr7-bg>\n\t\t\t\t\t\t\t<sr7-txt id=\"SR7_15_1-22-3\" class=\"sr7-layer\">SOLUTIONS<\/sr7-txt>\n\t\t\t\t\t\t<\/sr7-slide>\n\t\t\t\t\t\t<sr7-slide id=\"SR7_15_1-223\" data-key=\"223\">\n\t\t\t\t\t\t<\/sr7-slide>\n\t\t\t\t\t<\/sr7-content>\n\t\t\t\t\t<image_lists style=\"display:none\">\n\t\t\t\t\t\t<img data-src=\"\/\/www.conova.com\/wp-content\/uploads\/2018\/04\/Header_Vernetzung-e1524143917975.jpg\" width=\"0\" height=\"0\" data-dbsrc=\"Ly93d3cuY29ub3ZhLmNvbS93cC1jb250ZW50L3VwbG9hZHMvMjAxOC8wNC9IZWFkZXJfVmVybmV0enVuZy1lMTUyNDE0MzkxNzk3NS5qcGc=\"\/>\n\t\t\t\t\t<\/image_lists>\n\t\t\t\t<\/sr7-module>\n\t\t\t\t<script>\n\t\t\t\t\twindow.SR7 ??={};SR7.PMH ??={}; SR7.PMH[\"SR7_15_1\"] = {cn:100,state:false,fn: function() { if (window._tpt!==undefined && window._tpt.prepareModuleHeight !== undefined) {  _tpt.prepareModuleHeight({id:\"SR7_15_1\",el:[570,570,570,370,370],type:'standard',shdw:'0',gh:[570,570,570,370,370],gw:[1240,1240,1160,820,480],vpt:['-200px&#039;,&#039;-200px&#039;,&#039;-200px&#039;,&#039;-200px&#039;,&#039;-200px'],size:{fullWidth:true, fullHeight:false},mh:'0',onh:0,onw:0,bg:{color:'{\"orig\":\"transparent\",\"type\":\"solid\",\"string\":\"transparent\"}'},googleFont:\"ignore\",plType:'0',plColor:'#FFFFFF'});   SR7.PMH[\"SR7_15_1\"].state=true;} else if(SR7.PMH[\"SR7_15_1\"].cn-->0)\tsetTimeout( SR7.PMH[\"SR7_15_1\"].fn,19);}};SR7.PMH[\"SR7_15_1\" ].fn();\n\t\t\t\t<\/script>\n[\/vc_column][\/vc_row][vc_row][vc_column][vc_custom_heading text=&#8221;NETWORK &amp; SECURITY SOLUTIONS FROM CONOVA&#8221; font_container=&#8221;tag:h1|text_align:left&#8221; use_theme_fonts=&#8221;yes&#8221; css=&#8221;&#8221;][\/vc_column][\/vc_row][vc_row][vc_column][vc_column_text css=&#8221;&#8221;]Fast, secure, and always online. That&#8217;s how your IT infrastructure should be. Our experts ensure the fastest connection between your company locations and conova data centers or public clouds. Whether you use VPN connections with conova TopFirewalls, point-to-point connections between your and our locations, or global MPLS networks with selected providers.<\/p>\n<p>The extensive operation of international connections and peerings at national and international data exchange points (DE-CIX, AMS-IX, SAIX) are an important component for conova&#8217;s globally active customers.<\/p>\n<p>With our comprehensive security solutions, we protect your IT around the clock against hacker attacks, DDoS attacks, and other threats. Whether in our data centers, in the public cloud, or on-premises at your location. With our SOC, SIEM, and MDR solutions, you can stop cyber threats in real time before damage occurs. This process combines advanced technology with the expertise of experienced security experts.[\/vc_column_text][\/vc_column][\/vc_row][vc_row][vc_column][conproduct_list showfiltersearch=&#8221;true&#8221;][conproduct_item title=&#8221;TopMDR Cloud&#8221; psection=&#8221;security&#8221; link=&#8221;url:https%3A%2F%2Fwww.conova.com%2Fen%2Fproducts%2Ftopmdr-cloud%2F|title:TopMDR%20Cloud&#8221;]TopMDR Cloud is your fully managed cybersecurity solution that protects your business from threats. The 24\/7 SOC detects attacks in real time and neutralizes them before damage occurs.[\/conproduct_item][conproduct_item title=&#8221;TopConnect for Microsoft Azure ExpressRoute&#8221; psection=&#8221;security&#8221; link=&#8221;url:https%3A%2F%2Fwww.conova.com%2Fen%2Fproducts%2Ftopconnect-for-microsoft-azure-expressroute%2F|title:TopConnect%20for%20Microsoft%20Azure%20ExpressRoute&#8221;]With TopConnect for Microsoft Azure ExpressRoute you get a direct private connection to the Microsoft Cloud Region Austria &#8220;Austria East&#8221;.[\/conproduct_item][conproduct_item title=&#8221;TopFirewall&#8221; psection=&#8221;security&#8221; link=&#8221;url:%2Fen%2Fproducts%2Ftopfirewall%2F|||&#8221;]OurTopFirewall is your digital bouncer. Only permitted data packets are allowed in and out.[\/conproduct_item][conproduct_item title=&#8221;TopFirewall virtual &amp; GEO&#8221; psection=&#8221;security&#8221; link=&#8221;url:https%3A%2F%2Fwww.conova.com%2Fen%2Fproducts%2Ftopfirewall-virtual-geo%2F|title:TopFirewall%20virtual%20and%20GEO&#8221;]conova\u2019s sophisticated security solutions offer individual protection against undesired access. Benefit from conova\u2019s highly available virtualization platform.[\/conproduct_item][conproduct_item title=&#8221;TopFirewall for Private &amp; Public Clouds&#8221; psection=&#8221;security&#8221; link=&#8221;url:https%3A%2F%2Fwww.conova.com%2Fen%2Fproducts%2Ftopfirewall-for-private-public-clouds%2F|title:TopFirewall%20for%20Private%20%26%20Public%20Clouds&#8221;]TopFirewall for Private &amp; Public Clouds provides tailored protection against unwanted access for your own private cloud infrastructure or a public cloud of your choice.[\/conproduct_item][conproduct_item title=&#8221;TopDefense\u00ae&#8221; psection=&#8221;security&#8221; link=&#8221;url:%2Fen%2Fproducts%2Ftopdefense%2F|||&#8221;]DDoS attacks can paralyze your system. conova\u2019s TopDefense protects you against targeted hacker attacks.[\/conproduct_item][conproduct_item title=&#8221;TopConnect Datacenter&#8221; psection=&#8221;security&#8221; link=&#8221;url:https%3A%2F%2Fwww.conova.com%2Fen%2Fproducts%2Ftopconnect-datacenter%2F|title:TopConnect%20Datacenter&#8221;]With TopConnect Datacenter, you are getting a direct, private connection to public cloud providers such as Microsoft Azure, Amazon AWS and Google Cloud Platform (GCP).[\/conproduct_item][conproduct_item title=&#8221;Networking&#8221; psection=&#8221;security&#8221; link=&#8221;url:%2Fen%2Fproducts%2Fvernetzungen|||&#8221;]Our specialists connect you at top speed \u2013 individually and safely.[\/conproduct_item][conproduct_item title=&#8221;Switching &amp; Routing&#8221; psection=&#8221;security&#8221; link=&#8221;url:%2Fen%2Fproducts%2Fswitching-routing%2F|||&#8221;]Regardless of your company\u2019s size: The operation of the central network infrastructure is an essential building block for success.[\/conproduct_item][conproduct_item title=&#8221;SAIX &#8211; Internet Exchange&#8221; psection=&#8221;security&#8221; text=&#8221;Sie m\u00f6chten Ihre Daten in \u00d6sterreich wissen? Mit der conova TopCloud steht Ihnen eine moderne und gleichzeitig heimische Cloud-L\u00f6sung zur Verf\u00fcgung.&#8221; link=&#8221;url:%2Fen%2Fproducts%2Fsaix-salzburger-internetexchange%2F|||&#8221;]The Salzburg internet hub SAIX is the most direct, quickest and most secure pathway for your data. You benefit from it for free.[\/conproduct_item][conproduct_item title=&#8221;We would be happy to advise you!&#8221; psection=&#8221;beratung&#8221; isalwaysvisible=&#8221;true&#8221; link=&#8221;url:%2Fkontakt%2F|||&#8221;][vc_icon icon_fontawesome=&#8221;fa fa-comments-o&#8221; color=&#8221;white&#8221; el_class=&#8221;bigicon&#8221;]<\/p>\n<div>[vc_icon icon_fontawesome=&#8221;fa fa-phone&#8221; color=&#8221;white&#8221;]+43 662\/22 00-334<\/div>\n<div>[vc_icon icon_fontawesome=&#8221;fa fa-envelope-o&#8221; color=&#8221;white&#8221;]<a href=\"mailto:sales&#64;co&#110;&#111;&#118;&#97;&#46;c&#111;&#109;\">&#115;&#097;&#108;e&#115;&#064;&#099;on&#111;&#118;&#097;&#046;co&#109;<\/a><\/div>\n<p>[\/conproduct_item][\/conproduct_list][\/vc_column][\/vc_row][vc_row][vc_column][vc_column_text]<span style=\"color: #878787;\">Last update: 13.04.2026<\/span>[\/vc_column_text][\/vc_column][\/vc_row]<\/p>\n<\/div>","protected":false},"excerpt":{"rendered":"<p>Schnell, sicher und immer online: So muss Ihre IT-Infrastruktur sein. Unsere Experten sorgen f\u00fcr die schnellste Verbindung zwischen Ihren Firmenstandorten und den conova Rechenzentren. Egal ob Sie VPN Verbindungen mit conova TopFirewalls, Punkt zu Punkt Verbindungen zwischen Ihrem und unseren Standorten oder weltweite MPLS Vernetzungen mit ausgew\u00e4hlten Providern nutzen.<\/p>\n","protected":false},"author":4,"featured_media":0,"parent":0,"menu_order":0,"comment_status":"closed","ping_status":"closed","template":"","meta":{"_acf_changed":false,"footnotes":""},"class_list":["post-3553","page","type-page","status-publish","hentry"],"acf":[],"yoast_head":"<!-- This site is optimized with the Yoast SEO Premium plugin v27.3 (Yoast SEO v27.3) - https:\/\/yoast.com\/product\/yoast-seo-premium-wordpress\/ -->\n<title>Network &amp; Security - conova<\/title>\n<meta name=\"robots\" content=\"index, follow, max-snippet:-1, max-image-preview:large, max-video-preview:-1\" \/>\n<link rel=\"canonical\" href=\"https:\/\/www.conova.com\/en\/network-security\/\" \/>\n<meta property=\"og:locale\" content=\"en_US\" \/>\n<meta property=\"og:type\" content=\"article\" \/>\n<meta property=\"og:title\" content=\"Network &amp; Security\" \/>\n<meta property=\"og:description\" content=\"Schnell, sicher und immer online: So muss Ihre IT-Infrastruktur sein. Unsere Experten sorgen f\u00fcr die schnellste Verbindung zwischen Ihren Firmenstandorten und den conova Rechenzentren. Egal ob Sie VPN Verbindungen mit conova TopFirewalls, Punkt zu Punkt Verbindungen zwischen Ihrem und unseren Standorten oder weltweite MPLS Vernetzungen mit ausgew\u00e4hlten Providern nutzen.\" \/>\n<meta property=\"og:url\" content=\"https:\/\/www.conova.com\/en\/network-security\/\" \/>\n<meta property=\"og:site_name\" content=\"conova\" \/>\n<meta property=\"article:publisher\" content=\"https:\/\/www.facebook.com\/conova.communications\/\" \/>\n<meta property=\"article:modified_time\" content=\"2026-04-13T09:13:23+00:00\" \/>\n<meta property=\"og:image\" content=\"https:\/\/www.conova.com\/wp-content\/uploads\/2023\/02\/conova_Logo_RGB_schwarz_SONNE.png\" \/>\n\t<meta property=\"og:image:width\" content=\"373\" \/>\n\t<meta property=\"og:image:height\" content=\"369\" \/>\n\t<meta property=\"og:image:type\" content=\"image\/png\" \/>\n<meta name=\"twitter:card\" content=\"summary_large_image\" \/>\n<meta name=\"twitter:label1\" content=\"Est. reading time\" \/>\n\t<meta name=\"twitter:data1\" content=\"3 minutes\" \/>\n<script type=\"application\/ld+json\" class=\"yoast-schema-graph\">{\"@context\":\"https:\\\/\\\/schema.org\",\"@graph\":[{\"@type\":\"WebPage\",\"@id\":\"https:\\\/\\\/www.conova.com\\\/en\\\/network-security\\\/\",\"url\":\"https:\\\/\\\/www.conova.com\\\/en\\\/network-security\\\/\",\"name\":\"Network & Security - conova\",\"isPartOf\":{\"@id\":\"https:\\\/\\\/www.conova.com\\\/#website\"},\"datePublished\":\"2018-03-27T06:41:59+00:00\",\"dateModified\":\"2026-04-13T09:13:23+00:00\",\"breadcrumb\":{\"@id\":\"https:\\\/\\\/www.conova.com\\\/en\\\/network-security\\\/#breadcrumb\"},\"inLanguage\":\"en-US\",\"potentialAction\":[{\"@type\":\"ReadAction\",\"target\":[\"https:\\\/\\\/www.conova.com\\\/en\\\/network-security\\\/\"]}]},{\"@type\":\"BreadcrumbList\",\"@id\":\"https:\\\/\\\/www.conova.com\\\/en\\\/network-security\\\/#breadcrumb\",\"itemListElement\":[{\"@type\":\"ListItem\",\"position\":1,\"name\":\"Home\",\"item\":\"https:\\\/\\\/www.conova.com\\\/en\\\/\"},{\"@type\":\"ListItem\",\"position\":2,\"name\":\"Network &#038; Security\"}]},{\"@type\":\"WebSite\",\"@id\":\"https:\\\/\\\/www.conova.com\\\/#website\",\"url\":\"https:\\\/\\\/www.conova.com\\\/\",\"name\":\"conova\",\"description\":\"Data Center Pioneers\",\"publisher\":{\"@id\":\"https:\\\/\\\/www.conova.com\\\/#organization\"},\"potentialAction\":[{\"@type\":\"SearchAction\",\"target\":{\"@type\":\"EntryPoint\",\"urlTemplate\":\"https:\\\/\\\/www.conova.com\\\/?s={search_term_string}\"},\"query-input\":{\"@type\":\"PropertyValueSpecification\",\"valueRequired\":true,\"valueName\":\"search_term_string\"}}],\"inLanguage\":\"en-US\"},{\"@type\":\"Organization\",\"@id\":\"https:\\\/\\\/www.conova.com\\\/#organization\",\"name\":\"conova\",\"url\":\"https:\\\/\\\/www.conova.com\\\/\",\"logo\":{\"@type\":\"ImageObject\",\"inLanguage\":\"en-US\",\"@id\":\"https:\\\/\\\/www.conova.com\\\/#\\\/schema\\\/logo\\\/image\\\/\",\"url\":\"https:\\\/\\\/www.conova.com\\\/wp-content\\\/uploads\\\/2023\\\/02\\\/conova_Logo_RGB_schwarz_SONNE.png\",\"contentUrl\":\"https:\\\/\\\/www.conova.com\\\/wp-content\\\/uploads\\\/2023\\\/02\\\/conova_Logo_RGB_schwarz_SONNE.png\",\"width\":373,\"height\":369,\"caption\":\"conova\"},\"image\":{\"@id\":\"https:\\\/\\\/www.conova.com\\\/#\\\/schema\\\/logo\\\/image\\\/\"},\"sameAs\":[\"https:\\\/\\\/www.facebook.com\\\/conova.communications\\\/\",\"https:\\\/\\\/www.linkedin.com\\\/company\\\/conova-communications-gmbh\\\/\",\"https:\\\/\\\/www.youtube.com\\\/user\\\/conova2010\"]}]}<\/script>\n<!-- \/ Yoast SEO Premium plugin. -->","yoast_head_json":{"title":"Network & Security - conova","robots":{"index":"index","follow":"follow","max-snippet":"max-snippet:-1","max-image-preview":"max-image-preview:large","max-video-preview":"max-video-preview:-1"},"canonical":"https:\/\/www.conova.com\/en\/network-security\/","og_locale":"en_US","og_type":"article","og_title":"Network & Security","og_description":"Schnell, sicher und immer online: So muss Ihre IT-Infrastruktur sein. Unsere Experten sorgen f\u00fcr die schnellste Verbindung zwischen Ihren Firmenstandorten und den conova Rechenzentren. Egal ob Sie VPN Verbindungen mit conova TopFirewalls, Punkt zu Punkt Verbindungen zwischen Ihrem und unseren Standorten oder weltweite MPLS Vernetzungen mit ausgew\u00e4hlten Providern nutzen.","og_url":"https:\/\/www.conova.com\/en\/network-security\/","og_site_name":"conova","article_publisher":"https:\/\/www.facebook.com\/conova.communications\/","article_modified_time":"2026-04-13T09:13:23+00:00","og_image":[{"width":373,"height":369,"url":"https:\/\/www.conova.com\/wp-content\/uploads\/2023\/02\/conova_Logo_RGB_schwarz_SONNE.png","type":"image\/png"}],"twitter_card":"summary_large_image","twitter_misc":{"Est. reading time":"3 minutes"},"schema":{"@context":"https:\/\/schema.org","@graph":[{"@type":"WebPage","@id":"https:\/\/www.conova.com\/en\/network-security\/","url":"https:\/\/www.conova.com\/en\/network-security\/","name":"Network & Security - conova","isPartOf":{"@id":"https:\/\/www.conova.com\/#website"},"datePublished":"2018-03-27T06:41:59+00:00","dateModified":"2026-04-13T09:13:23+00:00","breadcrumb":{"@id":"https:\/\/www.conova.com\/en\/network-security\/#breadcrumb"},"inLanguage":"en-US","potentialAction":[{"@type":"ReadAction","target":["https:\/\/www.conova.com\/en\/network-security\/"]}]},{"@type":"BreadcrumbList","@id":"https:\/\/www.conova.com\/en\/network-security\/#breadcrumb","itemListElement":[{"@type":"ListItem","position":1,"name":"Home","item":"https:\/\/www.conova.com\/en\/"},{"@type":"ListItem","position":2,"name":"Network &#038; Security"}]},{"@type":"WebSite","@id":"https:\/\/www.conova.com\/#website","url":"https:\/\/www.conova.com\/","name":"conova","description":"Data Center Pioneers","publisher":{"@id":"https:\/\/www.conova.com\/#organization"},"potentialAction":[{"@type":"SearchAction","target":{"@type":"EntryPoint","urlTemplate":"https:\/\/www.conova.com\/?s={search_term_string}"},"query-input":{"@type":"PropertyValueSpecification","valueRequired":true,"valueName":"search_term_string"}}],"inLanguage":"en-US"},{"@type":"Organization","@id":"https:\/\/www.conova.com\/#organization","name":"conova","url":"https:\/\/www.conova.com\/","logo":{"@type":"ImageObject","inLanguage":"en-US","@id":"https:\/\/www.conova.com\/#\/schema\/logo\/image\/","url":"https:\/\/www.conova.com\/wp-content\/uploads\/2023\/02\/conova_Logo_RGB_schwarz_SONNE.png","contentUrl":"https:\/\/www.conova.com\/wp-content\/uploads\/2023\/02\/conova_Logo_RGB_schwarz_SONNE.png","width":373,"height":369,"caption":"conova"},"image":{"@id":"https:\/\/www.conova.com\/#\/schema\/logo\/image\/"},"sameAs":["https:\/\/www.facebook.com\/conova.communications\/","https:\/\/www.linkedin.com\/company\/conova-communications-gmbh\/","https:\/\/www.youtube.com\/user\/conova2010"]}]}},"_links":{"self":[{"href":"https:\/\/www.conova.com\/en\/wp-json\/wp\/v2\/pages\/3553","targetHints":{"allow":["GET"]}}],"collection":[{"href":"https:\/\/www.conova.com\/en\/wp-json\/wp\/v2\/pages"}],"about":[{"href":"https:\/\/www.conova.com\/en\/wp-json\/wp\/v2\/types\/page"}],"author":[{"embeddable":true,"href":"https:\/\/www.conova.com\/en\/wp-json\/wp\/v2\/users\/4"}],"replies":[{"embeddable":true,"href":"https:\/\/www.conova.com\/en\/wp-json\/wp\/v2\/comments?post=3553"}],"version-history":[{"count":6,"href":"https:\/\/www.conova.com\/en\/wp-json\/wp\/v2\/pages\/3553\/revisions"}],"predecessor-version":[{"id":28772,"href":"https:\/\/www.conova.com\/en\/wp-json\/wp\/v2\/pages\/3553\/revisions\/28772"}],"wp:attachment":[{"href":"https:\/\/www.conova.com\/en\/wp-json\/wp\/v2\/media?parent=3553"}],"curies":[{"name":"wp","href":"https:\/\/api.w.org\/{rel}","templated":true}]}}