{"id":3440,"date":"2018-03-27T08:43:08","date_gmt":"2018-03-27T06:43:08","guid":{"rendered":"https:\/\/www.conova.com\/?page_id=3440"},"modified":"2026-04-13T13:45:48","modified_gmt":"2026-04-13T11:45:48","slug":"applications-managed-services","status":"publish","type":"page","link":"https:\/\/www.conova.com\/en\/applications-managed-services\/","title":{"rendered":"Applications &#038; Managed Services"},"content":{"rendered":"<div class=\"wpb-content-wrapper\"><p>[vc_row][vc_column]\n\t\t\t\t<p class=\"rs-p-wp-fix\"><\/p>\n\t\t\t\t<sr7-module data-alias=\"solutions_en\" data-id=\"15\" id=\"SR7_15_1\" class=\"rs-ov-hidden\" data-version=\"6.7.53\">\n\t\t\t\t\t<sr7-adjuster><\/sr7-adjuster>\n\t\t\t\t\t<sr7-content>\n\t\t\t\t\t\t<sr7-slide id=\"SR7_15_1-22\" data-key=\"22\">\n\t\t\t\t\t\t\t<sr7-bg id=\"SR7_15_1-22-4\" class=\"sr7-layer\"><noscript><img decoding=\"async\" src=\"https:\/\/www.conova.com\/wp-content\/uploads\/2018\/04\/Header_Vernetzung-e1524143917975.jpg\" alt=\"\" title=\"Header_Vernetzung\"><\/noscript><\/sr7-bg>\n\t\t\t\t\t\t\t<sr7-txt id=\"SR7_15_1-22-3\" class=\"sr7-layer\">SOLUTIONS<\/sr7-txt>\n\t\t\t\t\t\t<\/sr7-slide>\n\t\t\t\t\t\t<sr7-slide id=\"SR7_15_1-223\" data-key=\"223\">\n\t\t\t\t\t\t<\/sr7-slide>\n\t\t\t\t\t<\/sr7-content>\n\t\t\t\t\t<image_lists style=\"display:none\">\n\t\t\t\t\t\t<img data-src=\"\/\/www.conova.com\/wp-content\/uploads\/2018\/04\/Header_Vernetzung-e1524143917975.jpg\" width=\"0\" height=\"0\" data-dbsrc=\"Ly93d3cuY29ub3ZhLmNvbS93cC1jb250ZW50L3VwbG9hZHMvMjAxOC8wNC9IZWFkZXJfVmVybmV0enVuZy1lMTUyNDE0MzkxNzk3NS5qcGc=\"\/>\n\t\t\t\t\t<\/image_lists>\n\t\t\t\t<\/sr7-module>\n\t\t\t\t<script>\n\t\t\t\t\twindow.SR7 ??={};SR7.PMH ??={}; SR7.PMH[\"SR7_15_1\"] = {cn:100,state:false,fn: function() { if (window._tpt!==undefined && window._tpt.prepareModuleHeight !== undefined) {  _tpt.prepareModuleHeight({id:\"SR7_15_1\",el:[570,570,570,370,370],type:'standard',shdw:'0',gh:[570,570,570,370,370],gw:[1240,1240,1160,820,480],vpt:['-200px&#039;,&#039;-200px&#039;,&#039;-200px&#039;,&#039;-200px&#039;,&#039;-200px'],size:{fullWidth:true, fullHeight:false},mh:'0',onh:0,onw:0,bg:{color:'{\"orig\":\"transparent\",\"type\":\"solid\",\"string\":\"transparent\"}'},googleFont:\"ignore\",plType:'0',plColor:'#FFFFFF'});   SR7.PMH[\"SR7_15_1\"].state=true;} else if(SR7.PMH[\"SR7_15_1\"].cn-->0)\tsetTimeout( SR7.PMH[\"SR7_15_1\"].fn,19);}};SR7.PMH[\"SR7_15_1\" ].fn();\n\t\t\t\t<\/script>\n[\/vc_column][\/vc_row][vc_row][vc_column][vc_custom_heading text=&#8221;APPLICATIONS &amp; MANAGED SERVICES SOLUTIONS FROM CONOVA&#8221; font_container=&#8221;tag:h1|text_align:left&#8221; use_theme_fonts=&#8221;yes&#8221; css=&#8221;&#8221;][\/vc_column][\/vc_row][vc_row][vc_column][vc_column_text css=&#8221;&#8221;]Our certified specialists operate proxy stack-related areas such as cache engines, load balancing, and web services for numerous customers in the Linux or open source environment. At the same time, our customers also rely on our experts&#8217; many years of experience when using standardized Microsoft services such as Active Directory, file or terminal services, and Hosted Exchange.<\/p>\n<p>With conova&#8217;s comprehensive managed services solutions, you are on the safe side. Whether spam and virus protection, advanced threat protection, encryption, email archiving, disaster recovery, or offsite backup\u2014by using our highly available services, you protect your IT from costly downtime, existential data loss, and time-consuming recovery work.[\/vc_column_text][\/vc_column][\/vc_row][vc_row][vc_column][conproduct_list showfiltersearch=&#8221;true&#8221;][conproduct_item title=&#8221;Managed Database as a Service&#8221; psection=&#8221;application&#8221; link=&#8221;url:https%3A%2F%2Fwww.conova.com%2Fen%2Fproducts%2Fmanaged-database-services%2F|title:Managed%20Database%20Services&#8221;]With our Managed Database as a Service (DBaaS), we take over the complete operation of your databases \u2013 securely, scalably and with high availability.[\/conproduct_item][conproduct_item title=&#8221;TopSoftware Packaging&#8221; psection=&#8221;application&#8221; link=&#8221;url:https%3A%2F%2Fwww.conova.com%2Fen%2Fproducts%2Ftopsoftware-packaging%2F|title:TopSoftware%20Packaging&#8221;]TopSoftware Packaging is a third-party application management solution specifically for Microsoft Intune, which allows you to centrally manage and automatically keep up-to-date third-party and your own applications.[\/conproduct_item][conproduct_item title=&#8221;TopMail AI Email Security Analyst&#8221; psection=&#8221;application&#8221; link=&#8221;url:https%3A%2F%2Fwww.conova.com%2Fen%2Fproducts%2Ftopmail-ai-email-security-analyst%2F|title:TopMail%20AI%20Email%20Security%20Analyst&#8221;]TopMail AI Email Security Analyst uses artificial intelligence (AI) to check all reported emails in real time, including a specific explanation and recommendation for action.[\/conproduct_item][conproduct_item title=&#8221;TopBackup for Microsoft 365 Online&#8221; psection=&#8221;application&#8221; link=&#8221;url:https%3A%2F%2Fwww.conova.com%2Fen%2Fproducts%2Ftopbackup-for-microsoft-365-online%2F|title:TopBackup%20for%20Microsoft%20365%20Online&#8221;]With this SaaS solution, you benefit from a comprehensive backup and recovery solution specifically for Microsoft 365 mailboxes.[\/conproduct_item][conproduct_item title=&#8221;TopBackup for Microsoft Entra ID&#8221; psection=&#8221;application&#8221; link=&#8221;url:https%3A%2F%2Fwww.conova.com%2Fen%2Fproducts%2Ftopbackup-for-microsoft-entra-id%2F|title:TopBackup%20for%20Microsoft%20Entra%20ID&#8221;]TopBackup for Microsoft Entra ID is a dedicated software solution that protects your MS Entra ID environments and ensures the security, resilience, and recovery of your ID management systems.[\/conproduct_item][conproduct_item title=&#8221;TopMail AI Recipient Validation&#8221; psection=&#8221;application&#8221; link=&#8221;url:https%3A%2F%2Fwww.conova.com%2Fen%2Fproducts%2Ftopmail-ai-recipient-validation%2F|title:TopMail%20AI%20Recipient%20Validation&#8221;]TopMail AI Recipient Validation uses machine learning to analyze your M365 email communication and protect you from sending misrouted emails.[\/conproduct_item][conproduct_item title=&#8221;TopMail DMARC Manager&#8221; psection=&#8221;application&#8221; link=&#8221;url:https%3A%2F%2Fwww.conova.com%2Fen%2Fproducts%2Ftopmail-dmarc-manager%2F|title:TopMail%20DMARC%20Manager&#8221;]Protect your domains from fraud, email impersonation, phishing, and spoofing with the TopMail DMARC Manager. This tool helps you effectively manage and monitor your DMARC policies.[\/conproduct_item][conproduct_item title=&#8221;Object Storage S3 Compatible&#8221; psection=&#8221;application&#8221; link=&#8221;url:https%3A%2F%2Fwww.conova.com%2Fen%2Fproducts%2Fobject-storage-s3-compatible%2F|title:Object%20Storage%20S3%20compatible&#8221;]Storage of nearly unlimited amounts of data in so-called objects: organized flexibly and in scalable manner. Object Storage S3 compatible allows you to easy access your data at any time and from anywhere.[\/conproduct_item][conproduct_item title=&#8221;Active Directory &amp; Microsoft Entra ID Security Assessment&#8221; psection=&#8221;application&#8221; link=&#8221;url:https%3A%2F%2Fwww.conova.com%2Fen%2Fproducts%2Factive-directory-security-assessment%2F|title:Active%20Directory%20Security%20Assessment&#8221;]With Active Directory &amp; Microsoft Entra ID Security Assessment you can completely check the local Active Directory settings in your company for security issues.[\/conproduct_item][conproduct_item title=&#8221;TopExchange&#8221; psection=&#8221;application&#8221; link=&#8221;url:%2Fen%2Fproducts%2Ftopexchange%2F|||&#8221;]Security or freedom? With us, you get both: TopExchange is your flexible e-mail solution with the highest availability.[\/conproduct_item][conproduct_item title=&#8221;TopMail SV&#8221; psection=&#8221;application&#8221; text=&#8221;Sie m\u00f6chten Ihre Daten in \u00d6sterreich wissen? Mit der conova TopCloud steht Ihnen eine moderne und gleichzeitig heimische Cloud-L\u00f6sung zur Verf\u00fcgung.&#8221; link=&#8221;url:%2Fen%2Fproducts%2Ftopmail-sv%2F|||&#8221;]The best spam and virus protection on the market. We reliably intercept spam and viruses.[\/conproduct_item][conproduct_item title=&#8221;TopMail ATP&#8221; psection=&#8221;application&#8221; link=&#8221;url:%2Fen%2Fproducts%2Ftopmail-atp%2F|||&#8221;]Our TopMail ATP protects you against targeted and individual attacks.[\/conproduct_item][conproduct_item title=&#8221;TopMail Crypt&#8221; psection=&#8221;application&#8221; link=&#8221;url:%2Fen%2Fproducts%2Ftopmail-crypt%2F|||&#8221;]Unencrypted e-mails are like postcards: anyone can read and change them. TopMail Crypt protects your messages.[\/conproduct_item][conproduct_item title=&#8221;TopMail Microsoft 365 Protection&#8221; psection=&#8221;application&#8221; link=&#8221;url:%2Fen%2Fproducts%2Ftopmail-microsoft-365-protection|||&#8221;]your security and compliance management for Microsoft 365[\/conproduct_item][conproduct_item title=&#8221;TopMail Signature &amp; Disclaimer&#8221; psection=&#8221;application&#8221; link=&#8221;url:https%3A%2F%2Fwww.conova.com%2Fen%2Fproducts%2Ftopmail-signature-disclaimer%2F|title:TopMail%20Signature%20%26%20Disclaimer&#8221;]With conova TopMail Signature and Disclaimer, you can quickly and easily create uniform e-mail signatures and e-mail disclaimers for your entire company.[\/conproduct_item][conproduct_item title=&#8221;TopMail Archive&#8221; psection=&#8221;application&#8221; link=&#8221;url:%2Fen%2Fproducts%2Ftopmail-archiv%2F|||&#8221;]E-mails are mission-critical and important. TopMail Archive keeps your e-mails on the long-term \u2013 centrally and audit-proof \u2013 you can rely on that.[\/conproduct_item][conproduct_item title=&#8221;TopAwareness&#8221; psection=&#8221;application&#8221; link=&#8221;url:https%3A%2F%2Fwww.conova.com%2Fen%2Fproducts%2Ftopawareness%2F&#8221;]Cyberattacks exploit technical or human vulnerabilities. Sustainable security awareness training can sensitize employees to cyberattacks and strengthen your human firewall.[\/conproduct_item][conproduct_item title=&#8221;TopBackup Cloud Connect&#8221; psection=&#8221;application&#8221; link=&#8221;url:%2Fen%2Fproducts%2Ftopbackup-cloud-connect%2F|||&#8221;]3-2-1: 3 copies of your data stored on 2 different media and 1 copy stored externally in the highly secure conova data centers for maximum data security.[\/conproduct_item][conproduct_item title=&#8221;TopBackup for Microsoft 365&#8243; psection=&#8221;application&#8221; link=&#8221;url:%2Fen%2Fproducts%2Ftopbackup-microsoft-365%2F|title:TopBackup%20for%20Microsoft%20365&#8243;]With TopBackup for Microsoft 365, you retain access to and control over your data in Exchange Online, SharePoint Online, OneDrive for Business, and Microsoft Teams.[\/conproduct_item][conproduct_item title=&#8221;TopBackup for Microsoft Azure&#8221; psection=&#8221;application&#8221; link=&#8221;url:https%3A%2F%2Fwww.conova.com%2Fen%2Fproducts%2Ftopbackup-for-microsoft-azure%2F|title:TopBackup%20for%20Microsoft%20Azure&#8221;]TopBackup for Microsoft Azure offers a restore and backup solution for your Azure VM workloads.[\/conproduct_item][conproduct_item title=&#8221;TopDisaster Location&#8221; psection=&#8221;application&#8221; link=&#8221;url:%2Fen%2Fproducts%2Ftopdisaster-location%2F|||&#8221;]Emergency workplaces in case of crisis situation secure business continuity[\/conproduct_item][conproduct_item title=&#8221;We would be happy to advise you!&#8221; psection=&#8221;beratung&#8221; isalwaysvisible=&#8221;true&#8221; link=&#8221;url:%2Fkontakt%2F|||&#8221;][vc_icon icon_fontawesome=&#8221;fa fa-comments-o&#8221; color=&#8221;white&#8221; el_class=&#8221;bigicon&#8221;]<\/p>\n<div>[vc_icon icon_fontawesome=&#8221;fa fa-phone&#8221; color=&#8221;white&#8221;]+43 662\/22 00-334<\/div>\n<div>[vc_icon icon_fontawesome=&#8221;fa fa-envelope-o&#8221; color=&#8221;white&#8221;]<a href=\"mailto:&#115;&#97;&#108;&#101;s&#64;co&#110;o&#118;a&#46;&#99;&#111;m\">&#115;&#097;&#108;&#101;&#115;&#064;c&#111;&#110;ova.&#099;o&#109;<\/a><\/div>\n<p>[\/conproduct_item][\/conproduct_list][\/vc_column][\/vc_row][vc_row][vc_column][vc_column_text css=&#8221;&#8221;]<span style=\"color: #878787;\">Last update: 13.04.2026<\/span>[\/vc_column_text][\/vc_column][\/vc_row]<\/p>\n<\/div>","protected":false},"excerpt":{"rendered":"<p>Whether spam and virus protection, advanced threat protection, encryption, e-mail archiving, disaster recovery or offside backup: You are on the safe side with conova\u2019s extensive managed service solutions.<\/p>\n","protected":false},"author":4,"featured_media":0,"parent":0,"menu_order":0,"comment_status":"closed","ping_status":"closed","template":"","meta":{"_acf_changed":false,"footnotes":""},"class_list":["post-3440","page","type-page","status-publish","hentry"],"acf":[],"yoast_head":"<!-- This site is optimized with the Yoast SEO Premium plugin v27.4 (Yoast SEO v27.4) - https:\/\/yoast.com\/product\/yoast-seo-premium-wordpress\/ -->\n<title>Applications &amp; Managed Services - conova<\/title>\n<meta name=\"robots\" content=\"index, follow, max-snippet:-1, max-image-preview:large, max-video-preview:-1\" \/>\n<link rel=\"canonical\" href=\"https:\/\/www.conova.com\/en\/applications-managed-services\/\" \/>\n<meta property=\"og:locale\" content=\"en_US\" \/>\n<meta property=\"og:type\" content=\"article\" \/>\n<meta property=\"og:title\" content=\"Applications &amp; Managed Services\" \/>\n<meta property=\"og:description\" content=\"Whether spam and virus protection, advanced threat protection, encryption, e-mail archiving, disaster recovery or offside backup: You are on the safe side with conova\u2019s extensive managed service solutions.\" \/>\n<meta property=\"og:url\" content=\"https:\/\/www.conova.com\/en\/applications-managed-services\/\" \/>\n<meta property=\"og:site_name\" content=\"conova\" \/>\n<meta property=\"article:publisher\" content=\"https:\/\/www.facebook.com\/conova.communications\/\" \/>\n<meta property=\"article:modified_time\" content=\"2026-04-13T11:45:48+00:00\" \/>\n<meta property=\"og:image\" content=\"https:\/\/www.conova.com\/wp-content\/uploads\/2023\/02\/conova_Logo_RGB_schwarz_SONNE.png\" \/>\n\t<meta property=\"og:image:width\" content=\"373\" \/>\n\t<meta property=\"og:image:height\" content=\"369\" \/>\n\t<meta property=\"og:image:type\" content=\"image\/png\" \/>\n<meta name=\"twitter:card\" content=\"summary_large_image\" \/>\n<meta name=\"twitter:label1\" content=\"Est. reading time\" \/>\n\t<meta name=\"twitter:data1\" content=\"4 minutes\" \/>\n<script type=\"application\/ld+json\" class=\"yoast-schema-graph\">{\"@context\":\"https:\\\/\\\/schema.org\",\"@graph\":[{\"@type\":\"WebPage\",\"@id\":\"https:\\\/\\\/www.conova.com\\\/en\\\/applications-managed-services\\\/\",\"url\":\"https:\\\/\\\/www.conova.com\\\/en\\\/applications-managed-services\\\/\",\"name\":\"Applications & Managed Services - conova\",\"isPartOf\":{\"@id\":\"https:\\\/\\\/www.conova.com\\\/#website\"},\"datePublished\":\"2018-03-27T06:43:08+00:00\",\"dateModified\":\"2026-04-13T11:45:48+00:00\",\"breadcrumb\":{\"@id\":\"https:\\\/\\\/www.conova.com\\\/en\\\/applications-managed-services\\\/#breadcrumb\"},\"inLanguage\":\"en-US\",\"potentialAction\":[{\"@type\":\"ReadAction\",\"target\":[\"https:\\\/\\\/www.conova.com\\\/en\\\/applications-managed-services\\\/\"]}]},{\"@type\":\"BreadcrumbList\",\"@id\":\"https:\\\/\\\/www.conova.com\\\/en\\\/applications-managed-services\\\/#breadcrumb\",\"itemListElement\":[{\"@type\":\"ListItem\",\"position\":1,\"name\":\"Home\",\"item\":\"https:\\\/\\\/www.conova.com\\\/en\\\/\"},{\"@type\":\"ListItem\",\"position\":2,\"name\":\"Applications &#038; Managed Services\"}]},{\"@type\":\"WebSite\",\"@id\":\"https:\\\/\\\/www.conova.com\\\/#website\",\"url\":\"https:\\\/\\\/www.conova.com\\\/\",\"name\":\"conova\",\"description\":\"Data Center Pioneers\",\"publisher\":{\"@id\":\"https:\\\/\\\/www.conova.com\\\/#organization\"},\"potentialAction\":[{\"@type\":\"SearchAction\",\"target\":{\"@type\":\"EntryPoint\",\"urlTemplate\":\"https:\\\/\\\/www.conova.com\\\/?s={search_term_string}\"},\"query-input\":{\"@type\":\"PropertyValueSpecification\",\"valueRequired\":true,\"valueName\":\"search_term_string\"}}],\"inLanguage\":\"en-US\"},{\"@type\":\"Organization\",\"@id\":\"https:\\\/\\\/www.conova.com\\\/#organization\",\"name\":\"conova\",\"url\":\"https:\\\/\\\/www.conova.com\\\/\",\"logo\":{\"@type\":\"ImageObject\",\"inLanguage\":\"en-US\",\"@id\":\"https:\\\/\\\/www.conova.com\\\/#\\\/schema\\\/logo\\\/image\\\/\",\"url\":\"https:\\\/\\\/www.conova.com\\\/wp-content\\\/uploads\\\/2023\\\/02\\\/conova_Logo_RGB_schwarz_SONNE.png\",\"contentUrl\":\"https:\\\/\\\/www.conova.com\\\/wp-content\\\/uploads\\\/2023\\\/02\\\/conova_Logo_RGB_schwarz_SONNE.png\",\"width\":373,\"height\":369,\"caption\":\"conova\"},\"image\":{\"@id\":\"https:\\\/\\\/www.conova.com\\\/#\\\/schema\\\/logo\\\/image\\\/\"},\"sameAs\":[\"https:\\\/\\\/www.facebook.com\\\/conova.communications\\\/\",\"https:\\\/\\\/www.linkedin.com\\\/company\\\/conova-communications-gmbh\\\/\",\"https:\\\/\\\/www.youtube.com\\\/user\\\/conova2010\"]}]}<\/script>\n<!-- \/ Yoast SEO Premium plugin. -->","yoast_head_json":{"title":"Applications & Managed Services - conova","robots":{"index":"index","follow":"follow","max-snippet":"max-snippet:-1","max-image-preview":"max-image-preview:large","max-video-preview":"max-video-preview:-1"},"canonical":"https:\/\/www.conova.com\/en\/applications-managed-services\/","og_locale":"en_US","og_type":"article","og_title":"Applications & Managed Services","og_description":"Whether spam and virus protection, advanced threat protection, encryption, e-mail archiving, disaster recovery or offside backup: You are on the safe side with conova\u2019s extensive managed service solutions.","og_url":"https:\/\/www.conova.com\/en\/applications-managed-services\/","og_site_name":"conova","article_publisher":"https:\/\/www.facebook.com\/conova.communications\/","article_modified_time":"2026-04-13T11:45:48+00:00","og_image":[{"width":373,"height":369,"url":"https:\/\/www.conova.com\/wp-content\/uploads\/2023\/02\/conova_Logo_RGB_schwarz_SONNE.png","type":"image\/png"}],"twitter_card":"summary_large_image","twitter_misc":{"Est. reading time":"4 minutes"},"schema":{"@context":"https:\/\/schema.org","@graph":[{"@type":"WebPage","@id":"https:\/\/www.conova.com\/en\/applications-managed-services\/","url":"https:\/\/www.conova.com\/en\/applications-managed-services\/","name":"Applications & Managed Services - conova","isPartOf":{"@id":"https:\/\/www.conova.com\/#website"},"datePublished":"2018-03-27T06:43:08+00:00","dateModified":"2026-04-13T11:45:48+00:00","breadcrumb":{"@id":"https:\/\/www.conova.com\/en\/applications-managed-services\/#breadcrumb"},"inLanguage":"en-US","potentialAction":[{"@type":"ReadAction","target":["https:\/\/www.conova.com\/en\/applications-managed-services\/"]}]},{"@type":"BreadcrumbList","@id":"https:\/\/www.conova.com\/en\/applications-managed-services\/#breadcrumb","itemListElement":[{"@type":"ListItem","position":1,"name":"Home","item":"https:\/\/www.conova.com\/en\/"},{"@type":"ListItem","position":2,"name":"Applications &#038; Managed Services"}]},{"@type":"WebSite","@id":"https:\/\/www.conova.com\/#website","url":"https:\/\/www.conova.com\/","name":"conova","description":"Data Center Pioneers","publisher":{"@id":"https:\/\/www.conova.com\/#organization"},"potentialAction":[{"@type":"SearchAction","target":{"@type":"EntryPoint","urlTemplate":"https:\/\/www.conova.com\/?s={search_term_string}"},"query-input":{"@type":"PropertyValueSpecification","valueRequired":true,"valueName":"search_term_string"}}],"inLanguage":"en-US"},{"@type":"Organization","@id":"https:\/\/www.conova.com\/#organization","name":"conova","url":"https:\/\/www.conova.com\/","logo":{"@type":"ImageObject","inLanguage":"en-US","@id":"https:\/\/www.conova.com\/#\/schema\/logo\/image\/","url":"https:\/\/www.conova.com\/wp-content\/uploads\/2023\/02\/conova_Logo_RGB_schwarz_SONNE.png","contentUrl":"https:\/\/www.conova.com\/wp-content\/uploads\/2023\/02\/conova_Logo_RGB_schwarz_SONNE.png","width":373,"height":369,"caption":"conova"},"image":{"@id":"https:\/\/www.conova.com\/#\/schema\/logo\/image\/"},"sameAs":["https:\/\/www.facebook.com\/conova.communications\/","https:\/\/www.linkedin.com\/company\/conova-communications-gmbh\/","https:\/\/www.youtube.com\/user\/conova2010"]}]}},"_links":{"self":[{"href":"https:\/\/www.conova.com\/en\/wp-json\/wp\/v2\/pages\/3440","targetHints":{"allow":["GET"]}}],"collection":[{"href":"https:\/\/www.conova.com\/en\/wp-json\/wp\/v2\/pages"}],"about":[{"href":"https:\/\/www.conova.com\/en\/wp-json\/wp\/v2\/types\/page"}],"author":[{"embeddable":true,"href":"https:\/\/www.conova.com\/en\/wp-json\/wp\/v2\/users\/4"}],"replies":[{"embeddable":true,"href":"https:\/\/www.conova.com\/en\/wp-json\/wp\/v2\/comments?post=3440"}],"version-history":[{"count":16,"href":"https:\/\/www.conova.com\/en\/wp-json\/wp\/v2\/pages\/3440\/revisions"}],"predecessor-version":[{"id":28774,"href":"https:\/\/www.conova.com\/en\/wp-json\/wp\/v2\/pages\/3440\/revisions\/28774"}],"wp:attachment":[{"href":"https:\/\/www.conova.com\/en\/wp-json\/wp\/v2\/media?parent=3440"}],"curies":[{"name":"wp","href":"https:\/\/api.w.org\/{rel}","templated":true}]}}