{"id":3413,"date":"2018-03-27T08:42:17","date_gmt":"2018-03-27T06:42:17","guid":{"rendered":"https:\/\/www.conova.com\/?page_id=3413"},"modified":"2026-04-07T16:37:13","modified_gmt":"2026-04-07T14:37:13","slug":"server-storage","status":"publish","type":"page","link":"https:\/\/www.conova.com\/en\/server-storage\/","title":{"rendered":"Server &#038; Storage"},"content":{"rendered":"<div class=\"wpb-content-wrapper\"><p>[vc_row][vc_column]\n\t\t\t\t<p class=\"rs-p-wp-fix\"><\/p>\n\t\t\t\t<sr7-module data-alias=\"solutions_en\" data-id=\"15\" id=\"SR7_15_1\" class=\"rs-ov-hidden\" data-version=\"6.7.53\">\n\t\t\t\t\t<sr7-adjuster><\/sr7-adjuster>\n\t\t\t\t\t<sr7-content>\n\t\t\t\t\t\t<sr7-slide id=\"SR7_15_1-22\" data-key=\"22\">\n\t\t\t\t\t\t\t<sr7-bg id=\"SR7_15_1-22-4\" class=\"sr7-layer\"><noscript><img decoding=\"async\" src=\"https:\/\/www.conova.com\/wp-content\/uploads\/2018\/04\/Header_Vernetzung-e1524143917975.jpg\" alt=\"\" title=\"Header_Vernetzung\"><\/noscript><\/sr7-bg>\n\t\t\t\t\t\t\t<sr7-txt id=\"SR7_15_1-22-3\" class=\"sr7-layer\">SOLUTIONS<\/sr7-txt>\n\t\t\t\t\t\t<\/sr7-slide>\n\t\t\t\t\t\t<sr7-slide id=\"SR7_15_1-223\" data-key=\"223\">\n\t\t\t\t\t\t<\/sr7-slide>\n\t\t\t\t\t<\/sr7-content>\n\t\t\t\t\t<image_lists style=\"display:none\">\n\t\t\t\t\t\t<img data-src=\"\/\/www.conova.com\/wp-content\/uploads\/2018\/04\/Header_Vernetzung-e1524143917975.jpg\" width=\"0\" height=\"0\" data-dbsrc=\"Ly93d3cuY29ub3ZhLmNvbS93cC1jb250ZW50L3VwbG9hZHMvMjAxOC8wNC9IZWFkZXJfVmVybmV0enVuZy1lMTUyNDE0MzkxNzk3NS5qcGc=\"\/>\n\t\t\t\t\t<\/image_lists>\n\t\t\t\t<\/sr7-module>\n\t\t\t\t<script>\n\t\t\t\t\twindow.SR7 ??={};SR7.PMH ??={}; SR7.PMH[\"SR7_15_1\"] = {cn:100,state:false,fn: function() { if (window._tpt!==undefined && window._tpt.prepareModuleHeight !== undefined) {  _tpt.prepareModuleHeight({id:\"SR7_15_1\",el:[570,570,570,370,370],type:'standard',shdw:'0',gh:[570,570,570,370,370],gw:[1240,1240,1160,820,480],vpt:['-200px&#039;,&#039;-200px&#039;,&#039;-200px&#039;,&#039;-200px&#039;,&#039;-200px'],size:{fullWidth:true, fullHeight:false},mh:'0',onh:0,onw:0,bg:{color:'{\"orig\":\"transparent\",\"type\":\"solid\",\"string\":\"transparent\"}'},googleFont:\"ignore\",plType:'0',plColor:'#FFFFFF'});   SR7.PMH[\"SR7_15_1\"].state=true;} else if(SR7.PMH[\"SR7_15_1\"].cn-->0)\tsetTimeout( SR7.PMH[\"SR7_15_1\"].fn,19);}};SR7.PMH[\"SR7_15_1\" ].fn();\n\t\t\t\t<\/script>\n[\/vc_column][\/vc_row][vc_row][vc_column][vc_custom_heading text=&#8221;SERVER &amp; STORAGE SOLUTIONS FROM CONOVA&#8221; font_container=&#8221;tag:h1|text_align:left&#8221; use_theme_fonts=&#8221;yes&#8221; css=&#8221;&#8221;][\/vc_column][\/vc_row][vc_row][vc_column][vc_column_text css=&#8221;&#8221;]Dedicated hosting from conova is the ideal combination of your own infrastructure and shared services\u2014you decide whether you want to manage your servers yourself or leave the operational management to our experts.<\/p>\n<p>The advantage for you is that you save money on expensive purchases, don&#8217;t need to hire skilled experts, and don&#8217;t have to sign costly maintenance contracts. This frees up your mind so you can concentrate on your business.[\/vc_column_text][\/vc_column][\/vc_row][vc_row][vc_column][conproduct_list showfiltersearch=&#8221;true&#8221;][conproduct_item title=&#8221;TopServer dedicated&#8221; psection=&#8221;hardware&#8221; text=&#8221;Sie m\u00f6chten Ihre Daten in \u00d6sterreich wissen? Mit der conova TopCloud steht Ihnen eine moderne und gleichzeitig heimische Cloud-L\u00f6sung zur Verf\u00fcgung.&#8221; link=&#8221;url:%2Fen%2Fproducts%2Ftopserver-dedicated%2F|||&#8221;]Whether compliance requirements, performance intense applications or dedicated virtualization infrastructure: We offer the ideal combination of our own infrastructure and shared services.[\/conproduct_item][conproduct_item title=&#8221;We would be happy to advise you!&#8221; psection=&#8221;beratung&#8221; isalwaysvisible=&#8221;true&#8221; link=&#8221;url:%2Fkontakt%2F|||&#8221;][vc_icon icon_fontawesome=&#8221;fa fa-comments-o&#8221; color=&#8221;white&#8221; el_class=&#8221;bigicon&#8221;]<\/p>\n<div>[vc_icon icon_fontawesome=&#8221;fa fa-phone&#8221; color=&#8221;white&#8221;]+43 662\/22 00-334<\/div>\n<div>[vc_icon icon_fontawesome=&#8221;fa fa-envelope-o&#8221; color=&#8221;white&#8221;]<a href=\"mailto:&#115;&#97;les&#64;&#99;o&#110;ova&#46;c&#111;m\">s&#097;&#108;e&#115;&#064;con&#111;&#118;&#097;.&#099;&#111;&#109;<\/a><\/div>\n<p>[\/conproduct_item][\/conproduct_list][\/vc_column][\/vc_row]<\/p>\n<\/div>","protected":false},"excerpt":{"rendered":"<p>Dedicated hosting from conova is the ideal combination of your own infrastructure and shared services \u2013 whether you manage your servers yourself or leave it up to our experts, it\u2019s all up to you. <\/p>\n","protected":false},"author":4,"featured_media":0,"parent":0,"menu_order":0,"comment_status":"closed","ping_status":"closed","template":"","meta":{"_acf_changed":false,"footnotes":""},"class_list":["post-3413","page","type-page","status-publish","hentry"],"acf":[],"yoast_head":"<!-- This site is optimized with the Yoast SEO Premium plugin v27.4 (Yoast SEO v27.4) - https:\/\/yoast.com\/product\/yoast-seo-premium-wordpress\/ -->\n<title>Server and storage solutions by conova<\/title>\n<meta name=\"robots\" content=\"index, follow, max-snippet:-1, max-image-preview:large, max-video-preview:-1\" \/>\n<link rel=\"canonical\" href=\"https:\/\/www.conova.com\/en\/server-storage\/\" \/>\n<meta property=\"og:locale\" content=\"en_US\" \/>\n<meta property=\"og:type\" content=\"article\" \/>\n<meta property=\"og:title\" content=\"Server &amp; Storage\" \/>\n<meta property=\"og:description\" content=\"Dedicated hosting from conova is the ideal combination of your own infrastructure and shared services \u2013 whether you manage your servers yourself or leave it up to our experts, it\u2019s all up to you.\" \/>\n<meta property=\"og:url\" content=\"https:\/\/www.conova.com\/en\/server-storage\/\" \/>\n<meta property=\"og:site_name\" content=\"conova\" \/>\n<meta property=\"article:publisher\" content=\"https:\/\/www.facebook.com\/conova.communications\/\" \/>\n<meta property=\"article:modified_time\" content=\"2026-04-07T14:37:13+00:00\" \/>\n<meta property=\"og:image\" content=\"https:\/\/www.conova.com\/wp-content\/uploads\/2023\/02\/conova_Logo_RGB_schwarz_SONNE.png\" \/>\n\t<meta property=\"og:image:width\" content=\"373\" \/>\n\t<meta property=\"og:image:height\" content=\"369\" \/>\n\t<meta property=\"og:image:type\" content=\"image\/png\" \/>\n<meta name=\"twitter:card\" content=\"summary_large_image\" \/>\n<meta name=\"twitter:label1\" content=\"Est. reading time\" \/>\n\t<meta name=\"twitter:data1\" content=\"1 minute\" \/>\n<script type=\"application\/ld+json\" class=\"yoast-schema-graph\">{\"@context\":\"https:\\\/\\\/schema.org\",\"@graph\":[{\"@type\":\"WebPage\",\"@id\":\"https:\\\/\\\/www.conova.com\\\/en\\\/server-storage\\\/\",\"url\":\"https:\\\/\\\/www.conova.com\\\/en\\\/server-storage\\\/\",\"name\":\"Server and storage solutions by conova\",\"isPartOf\":{\"@id\":\"https:\\\/\\\/www.conova.com\\\/#website\"},\"datePublished\":\"2018-03-27T06:42:17+00:00\",\"dateModified\":\"2026-04-07T14:37:13+00:00\",\"breadcrumb\":{\"@id\":\"https:\\\/\\\/www.conova.com\\\/en\\\/server-storage\\\/#breadcrumb\"},\"inLanguage\":\"en-US\",\"potentialAction\":[{\"@type\":\"ReadAction\",\"target\":[\"https:\\\/\\\/www.conova.com\\\/en\\\/server-storage\\\/\"]}]},{\"@type\":\"BreadcrumbList\",\"@id\":\"https:\\\/\\\/www.conova.com\\\/en\\\/server-storage\\\/#breadcrumb\",\"itemListElement\":[{\"@type\":\"ListItem\",\"position\":1,\"name\":\"Home\",\"item\":\"https:\\\/\\\/www.conova.com\\\/en\\\/\"},{\"@type\":\"ListItem\",\"position\":2,\"name\":\"Server &#038; Storage\"}]},{\"@type\":\"WebSite\",\"@id\":\"https:\\\/\\\/www.conova.com\\\/#website\",\"url\":\"https:\\\/\\\/www.conova.com\\\/\",\"name\":\"conova\",\"description\":\"Data Center Pioneers\",\"publisher\":{\"@id\":\"https:\\\/\\\/www.conova.com\\\/#organization\"},\"potentialAction\":[{\"@type\":\"SearchAction\",\"target\":{\"@type\":\"EntryPoint\",\"urlTemplate\":\"https:\\\/\\\/www.conova.com\\\/?s={search_term_string}\"},\"query-input\":{\"@type\":\"PropertyValueSpecification\",\"valueRequired\":true,\"valueName\":\"search_term_string\"}}],\"inLanguage\":\"en-US\"},{\"@type\":\"Organization\",\"@id\":\"https:\\\/\\\/www.conova.com\\\/#organization\",\"name\":\"conova\",\"url\":\"https:\\\/\\\/www.conova.com\\\/\",\"logo\":{\"@type\":\"ImageObject\",\"inLanguage\":\"en-US\",\"@id\":\"https:\\\/\\\/www.conova.com\\\/#\\\/schema\\\/logo\\\/image\\\/\",\"url\":\"https:\\\/\\\/www.conova.com\\\/wp-content\\\/uploads\\\/2023\\\/02\\\/conova_Logo_RGB_schwarz_SONNE.png\",\"contentUrl\":\"https:\\\/\\\/www.conova.com\\\/wp-content\\\/uploads\\\/2023\\\/02\\\/conova_Logo_RGB_schwarz_SONNE.png\",\"width\":373,\"height\":369,\"caption\":\"conova\"},\"image\":{\"@id\":\"https:\\\/\\\/www.conova.com\\\/#\\\/schema\\\/logo\\\/image\\\/\"},\"sameAs\":[\"https:\\\/\\\/www.facebook.com\\\/conova.communications\\\/\",\"https:\\\/\\\/www.linkedin.com\\\/company\\\/conova-communications-gmbh\\\/\",\"https:\\\/\\\/www.youtube.com\\\/user\\\/conova2010\"]}]}<\/script>\n<!-- \/ Yoast SEO Premium plugin. -->","yoast_head_json":{"title":"Server and storage solutions by conova","robots":{"index":"index","follow":"follow","max-snippet":"max-snippet:-1","max-image-preview":"max-image-preview:large","max-video-preview":"max-video-preview:-1"},"canonical":"https:\/\/www.conova.com\/en\/server-storage\/","og_locale":"en_US","og_type":"article","og_title":"Server & Storage","og_description":"Dedicated hosting from conova is the ideal combination of your own infrastructure and shared services \u2013 whether you manage your servers yourself or leave it up to our experts, it\u2019s all up to you.","og_url":"https:\/\/www.conova.com\/en\/server-storage\/","og_site_name":"conova","article_publisher":"https:\/\/www.facebook.com\/conova.communications\/","article_modified_time":"2026-04-07T14:37:13+00:00","og_image":[{"width":373,"height":369,"url":"https:\/\/www.conova.com\/wp-content\/uploads\/2023\/02\/conova_Logo_RGB_schwarz_SONNE.png","type":"image\/png"}],"twitter_card":"summary_large_image","twitter_misc":{"Est. reading time":"1 minute"},"schema":{"@context":"https:\/\/schema.org","@graph":[{"@type":"WebPage","@id":"https:\/\/www.conova.com\/en\/server-storage\/","url":"https:\/\/www.conova.com\/en\/server-storage\/","name":"Server and storage solutions by conova","isPartOf":{"@id":"https:\/\/www.conova.com\/#website"},"datePublished":"2018-03-27T06:42:17+00:00","dateModified":"2026-04-07T14:37:13+00:00","breadcrumb":{"@id":"https:\/\/www.conova.com\/en\/server-storage\/#breadcrumb"},"inLanguage":"en-US","potentialAction":[{"@type":"ReadAction","target":["https:\/\/www.conova.com\/en\/server-storage\/"]}]},{"@type":"BreadcrumbList","@id":"https:\/\/www.conova.com\/en\/server-storage\/#breadcrumb","itemListElement":[{"@type":"ListItem","position":1,"name":"Home","item":"https:\/\/www.conova.com\/en\/"},{"@type":"ListItem","position":2,"name":"Server &#038; Storage"}]},{"@type":"WebSite","@id":"https:\/\/www.conova.com\/#website","url":"https:\/\/www.conova.com\/","name":"conova","description":"Data Center Pioneers","publisher":{"@id":"https:\/\/www.conova.com\/#organization"},"potentialAction":[{"@type":"SearchAction","target":{"@type":"EntryPoint","urlTemplate":"https:\/\/www.conova.com\/?s={search_term_string}"},"query-input":{"@type":"PropertyValueSpecification","valueRequired":true,"valueName":"search_term_string"}}],"inLanguage":"en-US"},{"@type":"Organization","@id":"https:\/\/www.conova.com\/#organization","name":"conova","url":"https:\/\/www.conova.com\/","logo":{"@type":"ImageObject","inLanguage":"en-US","@id":"https:\/\/www.conova.com\/#\/schema\/logo\/image\/","url":"https:\/\/www.conova.com\/wp-content\/uploads\/2023\/02\/conova_Logo_RGB_schwarz_SONNE.png","contentUrl":"https:\/\/www.conova.com\/wp-content\/uploads\/2023\/02\/conova_Logo_RGB_schwarz_SONNE.png","width":373,"height":369,"caption":"conova"},"image":{"@id":"https:\/\/www.conova.com\/#\/schema\/logo\/image\/"},"sameAs":["https:\/\/www.facebook.com\/conova.communications\/","https:\/\/www.linkedin.com\/company\/conova-communications-gmbh\/","https:\/\/www.youtube.com\/user\/conova2010"]}]}},"_links":{"self":[{"href":"https:\/\/www.conova.com\/en\/wp-json\/wp\/v2\/pages\/3413","targetHints":{"allow":["GET"]}}],"collection":[{"href":"https:\/\/www.conova.com\/en\/wp-json\/wp\/v2\/pages"}],"about":[{"href":"https:\/\/www.conova.com\/en\/wp-json\/wp\/v2\/types\/page"}],"author":[{"embeddable":true,"href":"https:\/\/www.conova.com\/en\/wp-json\/wp\/v2\/users\/4"}],"replies":[{"embeddable":true,"href":"https:\/\/www.conova.com\/en\/wp-json\/wp\/v2\/comments?post=3413"}],"version-history":[{"count":4,"href":"https:\/\/www.conova.com\/en\/wp-json\/wp\/v2\/pages\/3413\/revisions"}],"predecessor-version":[{"id":28704,"href":"https:\/\/www.conova.com\/en\/wp-json\/wp\/v2\/pages\/3413\/revisions\/28704"}],"wp:attachment":[{"href":"https:\/\/www.conova.com\/en\/wp-json\/wp\/v2\/media?parent=3413"}],"curies":[{"name":"wp","href":"https:\/\/api.w.org\/{rel}","templated":true}]}}